{"id":25,"date":"2023-12-13T15:36:30","date_gmt":"2023-12-13T15:36:30","guid":{"rendered":"https:\/\/web4.rkinformatika.net\/aurrekoetxea\/?page_id=25"},"modified":"2023-12-14T16:01:58","modified_gmt":"2023-12-14T16:01:58","slug":"estudio","status":"publish","type":"page","link":"https:\/\/aurrekoetxea.biz\/eu\/estudio\/","title":{"rendered":"Estudio"},"content":{"rendered":"<div data-elementor-type=\"wp-page\" data-elementor-id=\"25\" class=\"elementor elementor-25\" data-elementor-post-type=\"page\">\n\t\t\t\t<div class=\"elementor-element elementor-element-ebc4ac7 e-con-full e-flex e-con e-parent\" data-id=\"ebc4ac7\" data-element_type=\"container\" data-e-type=\"container\">\n\t\t\t\t<div class=\"elementor-element elementor-element-7ea55c5 elementor--h-position-center elementor--v-position-middle elementor-arrows-position-inside elementor-pagination-position-inside elementor-widget elementor-widget-slides\" data-id=\"7ea55c5\" data-element_type=\"widget\" data-e-type=\"widget\" data-settings=\"{&quot;navigation&quot;:&quot;both&quot;,&quot;autoplay&quot;:&quot;yes&quot;,&quot;autoplay_speed&quot;:5000,&quot;infinite&quot;:&quot;yes&quot;,&quot;transition&quot;:&quot;slide&quot;,&quot;transition_speed&quot;:500}\" data-widget_type=\"slides.default\">\n\t\t\t\t<div class=\"elementor-widget-container\">\n\t\t\t\t\t\t\t\t\t<div class=\"elementor-swiper\">\n\t\t\t\t\t<div class=\"elementor-slides-wrapper elementor-main-swiper swiper\" role=\"region\" aria-roledescription=\"carousel\" aria-label=\"Diapositivas\" dir=\"ltr\" data-animation=\"fadeInUp\">\n\t\t\t\t<div class=\"swiper-wrapper elementor-slides\">\n\t\t\t\t\t\t\t\t\t\t<div class=\"elementor-repeater-item-fa33743 swiper-slide\" role=\"group\" aria-roledescription=\"slide\"><div class=\"swiper-slide-bg\" role=\"img\" aria-label=\"DSC8080-copia-scaled\"><\/div><div class=\"swiper-slide-inner\" ><div class=\"swiper-slide-contents\"><\/div><\/div><\/div>\t\t\t\t<\/div>\n\t\t\t\t\t\t\t<\/div>\n\t\t\t\t<\/div>\n\t\t\t\t\t\t\t\t<\/div>\n\t\t\t\t<\/div>\n\t\t\t\t<\/div>\n\t\t<div class=\"elementor-element elementor-element-916f8c1 e-flex e-con-boxed e-con e-parent\" data-id=\"916f8c1\" data-element_type=\"container\" data-e-type=\"container\">\n\t\t\t\t\t<div class=\"e-con-inner\">\n\t\t\t\t<div class=\"elementor-element elementor-element-75f3171 elementor-widget elementor-widget-text-editor\" data-id=\"75f3171\" data-element_type=\"widget\" data-e-type=\"widget\" data-widget_type=\"text-editor.default\">\n\t\t\t\t<div class=\"elementor-widget-container\">\n\t\t\t\t\t\t\t\t\t<p><span lang=\"es-ES-u-co-trad\"><b>Aitzol Aurrekoetxea Pujana (Curriculum)<br \/><\/b><\/span><\/p><p align=\"justify\"><span lang=\"es-ES-u-co-trad\">1979 Dima (Vizcaya)<\/span><\/p><p align=\"justify\"><span lang=\"es-ES-u-co-trad\">2007 T\u00edtulo de Arquitecto en la Escuela T\u00e9cnica Superior de Arquitectura de Donostia<\/span><\/p><p align=\"justify\"><span lang=\"es-ES-u-co-trad\">2010 M\u00e1ster en Construcci\u00f3n Sostenible y Eficiencia Energ\u00e9tica en la Universidad del Pa\u00eds Vasco<\/span><\/p><p align=\"justify\"><span lang=\"es-ES-u-co-trad\">2002-2009<\/span><\/p><p align=\"justify\"><span lang=\"es-ES-u-co-trad\">Inicia su actividad profesional por cuenta ajena en el \u00e1mbito de la Promoci\u00f3n Inmobiliaria vinculado a peque\u00f1as empresas Promotoras (Panoramak Etxeak S.L., Mendikobe S.L., Pozueta Promozioak 2003 S.L., etc.).<\/span><\/p><p align=\"justify\"><a name=\"_GoBack\"><\/a><span lang=\"es-ES-u-co-trad\">Durante el transcurso de esta etapa se adquieren conocimientos de gesti\u00f3n de obra y promoci\u00f3n inmobiliaria que enriquecen y complementan la perspectiva te\u00f3rica de la arquitectura obtenida mediante la formaci\u00f3n acad\u00e9mica de Arquitecto.<\/span><\/p><p align=\"justify\"><span lang=\"es-ES-u-co-trad\">2007-actualidad<\/span><\/p><p align=\"justify\"><span lang=\"es-ES-u-co-trad\">Se da comienzo a la actividad de arquitecto por cuenta propia, realizando proyectos de nueva planta, as\u00ed como de rehabilitaci\u00f3n, principalmente de viviendas.<\/span><\/p><p align=\"justify\"><span lang=\"es-ES-u-co-trad\">Inmersos en plena crisis del sector Inmobiliario, que conlleva una disminuci\u00f3n dr\u00e1stica de encargos de nueva planta, se acent\u00faa la labor en el apartado de la rehabilitaci\u00f3n de inmuebles, aportando a estos estudios y proyectos, aspectos relativos a la sostenibilidad y la eficiencia energ\u00e9tica.<\/span><\/p><p>\u00a0<\/p><p><strong><span lang=\"es-ES-u-co-trad\">Actividad<\/span><\/strong><\/p><p align=\"justify\"><span lang=\"es-ES-u-co-trad\">Proyectos<\/span><\/p><p align=\"justify\"><span lang=\"es-ES-u-co-trad\">Edificaci\u00f3n Obra nueva<\/span><\/p><p align=\"justify\"><span lang=\"es-ES-u-co-trad\">Edificaci\u00f3n Rehabilitaci\u00f3n<\/span><\/p><p align=\"justify\"><span lang=\"es-ES-u-co-trad\">Urbanizaci\u00f3n<\/span><\/p><p align=\"justify\"><span lang=\"es-ES-u-co-trad\">Actividad<\/span><\/p><p align=\"justify\"><strong><span lang=\"es-ES-u-co-trad\">Direcci\u00f3n de Obra<\/span><\/strong><\/p><p align=\"justify\"><span lang=\"es-ES-u-co-trad\">Edificaci\u00f3n<\/span><\/p><p align=\"justify\"><span lang=\"es-ES-u-co-trad\">Urbanizaci\u00f3n<\/span><\/p><p align=\"justify\"><strong><span lang=\"es-ES-u-co-trad\">Informes<\/span><\/strong><\/p><p align=\"justify\"><span lang=\"es-ES-u-co-trad\">Inspecci\u00f3n T\u00e9cnica de Edificios. ITE<\/span><\/p><p align=\"justify\"><span lang=\"es-ES-u-co-trad\">Periciales<\/span><\/p><p align=\"justify\"><span lang=\"es-ES-u-co-trad\">Valoraciones<\/span><\/p>\t\t\t\t\t\t\t\t<\/div>\n\t\t\t\t<\/div>\n\t\t\t\t\t<\/div>\n\t\t\t\t<\/div>\n\t\t\t\t<\/div>","protected":false},"excerpt":{"rendered":"<p>Aitzol Aurrekoetxea Pujana (Curriculum) 1979 Dima (Vizcaya) 2007 T\u00edtulo de Arquitecto en la Escuela T\u00e9cnica Superior de Arquitectura de Donostia 2010 M\u00e1ster en Construcci\u00f3n Sostenible y Eficiencia Energ\u00e9tica en la Universidad del Pa\u00eds Vasco 2002-2009 Inicia su actividad profesional por cuenta ajena en el \u00e1mbito de la Promoci\u00f3n Inmobiliaria vinculado a peque\u00f1as empresas Promotoras (Panoramak [&hellip;]<\/p>\n","protected":false},"author":1,"featured_media":0,"parent":0,"menu_order":0,"comment_status":"closed","ping_status":"closed","template":"","meta":{"footnotes":""},"class_list":["post-25","page","type-page","status-publish","hentry"],"yoast_head":"<!-- This site is optimized with the Yoast SEO plugin v27.5 - https:\/\/yoast.com\/product\/yoast-seo-wordpress\/ -->\n<title>Estudio - Arratia<\/title>\n<meta name=\"robots\" content=\"index, follow, max-snippet:-1, max-image-preview:large, max-video-preview:-1\" \/>\n<link rel=\"canonical\" href=\"https:\/\/aurrekoetxea.biz\/eu\/estudio\/\" \/>\n<meta property=\"og:locale\" content=\"en_US\" \/>\n<meta property=\"og:type\" content=\"article\" \/>\n<meta property=\"og:title\" content=\"Estudio - Arratia\" \/>\n<meta property=\"og:description\" content=\"Aitzol Aurrekoetxea Pujana (Curriculum) 1979 Dima (Vizcaya) 2007 T\u00edtulo de Arquitecto en la Escuela T\u00e9cnica Superior de Arquitectura de Donostia 2010 M\u00e1ster en Construcci\u00f3n Sostenible y Eficiencia Energ\u00e9tica en la Universidad del Pa\u00eds Vasco 2002-2009 Inicia su actividad profesional por cuenta ajena en el \u00e1mbito de la Promoci\u00f3n Inmobiliaria vinculado a peque\u00f1as empresas Promotoras (Panoramak [&hellip;]\" \/>\n<meta property=\"og:url\" content=\"https:\/\/aurrekoetxea.biz\/eu\/estudio\/\" \/>\n<meta property=\"og:site_name\" content=\"Arratia\" \/>\n<meta property=\"article:modified_time\" content=\"2023-12-14T16:01:58+00:00\" \/>\n<meta name=\"twitter:card\" content=\"summary_large_image\" \/>\n<meta name=\"twitter:label1\" content=\"Est. reading time\" \/>\n\t<meta name=\"twitter:data1\" content=\"1 minutua\" \/>\n<script type=\"application\/ld+json\" class=\"yoast-schema-graph\">{\"@context\":\"https:\\\/\\\/schema.org\",\"@graph\":[{\"@type\":\"WebPage\",\"@id\":\"https:\\\/\\\/aurrekoetxea.biz\\\/estudio\\\/\",\"url\":\"https:\\\/\\\/aurrekoetxea.biz\\\/estudio\\\/\",\"name\":\"Estudio - Arratia\",\"isPartOf\":{\"@id\":\"https:\\\/\\\/aurrekoetxea.biz\\\/#website\"},\"datePublished\":\"2023-12-13T15:36:30+00:00\",\"dateModified\":\"2023-12-14T16:01:58+00:00\",\"breadcrumb\":{\"@id\":\"https:\\\/\\\/aurrekoetxea.biz\\\/estudio\\\/#breadcrumb\"},\"inLanguage\":\"eu\",\"potentialAction\":[{\"@type\":\"ReadAction\",\"target\":[\"https:\\\/\\\/aurrekoetxea.biz\\\/estudio\\\/\"]}]},{\"@type\":\"BreadcrumbList\",\"@id\":\"https:\\\/\\\/aurrekoetxea.biz\\\/estudio\\\/#breadcrumb\",\"itemListElement\":[{\"@type\":\"ListItem\",\"position\":1,\"name\":\"Portada\",\"item\":\"https:\\\/\\\/aurrekoetxea.biz\\\/\"},{\"@type\":\"ListItem\",\"position\":2,\"name\":\"Estudio\"}]},{\"@type\":\"WebSite\",\"@id\":\"https:\\\/\\\/aurrekoetxea.biz\\\/#website\",\"url\":\"https:\\\/\\\/aurrekoetxea.biz\\\/\",\"name\":\"Arratia\",\"description\":\"\",\"publisher\":{\"@id\":\"https:\\\/\\\/aurrekoetxea.biz\\\/#organization\"},\"potentialAction\":[{\"@type\":\"SearchAction\",\"target\":{\"@type\":\"EntryPoint\",\"urlTemplate\":\"https:\\\/\\\/aurrekoetxea.biz\\\/?s={search_term_string}\"},\"query-input\":{\"@type\":\"PropertyValueSpecification\",\"valueRequired\":true,\"valueName\":\"search_term_string\"}}],\"inLanguage\":\"eu\"},{\"@type\":\"Organization\",\"@id\":\"https:\\\/\\\/aurrekoetxea.biz\\\/#organization\",\"name\":\"Arratia\",\"url\":\"https:\\\/\\\/aurrekoetxea.biz\\\/\",\"logo\":{\"@type\":\"ImageObject\",\"inLanguage\":\"eu\",\"@id\":\"https:\\\/\\\/aurrekoetxea.biz\\\/#\\\/schema\\\/logo\\\/image\\\/\",\"url\":\"https:\\\/\\\/aurrekoetxea.biz\\\/wp-content\\\/uploads\\\/2023\\\/12\\\/cropped-sello-arkitektura.png\",\"contentUrl\":\"https:\\\/\\\/aurrekoetxea.biz\\\/wp-content\\\/uploads\\\/2023\\\/12\\\/cropped-sello-arkitektura.png\",\"width\":318,\"height\":326,\"caption\":\"Arratia\"},\"image\":{\"@id\":\"https:\\\/\\\/aurrekoetxea.biz\\\/#\\\/schema\\\/logo\\\/image\\\/\"}}]}<\/script>\n<!-- \/ Yoast SEO plugin. -->","yoast_head_json":{"title":"Estudio - Arratia","robots":{"index":"index","follow":"follow","max-snippet":"max-snippet:-1","max-image-preview":"max-image-preview:large","max-video-preview":"max-video-preview:-1"},"canonical":"https:\/\/aurrekoetxea.biz\/eu\/estudio\/","og_locale":"en_US","og_type":"article","og_title":"Estudio - Arratia","og_description":"Aitzol Aurrekoetxea Pujana (Curriculum) 1979 Dima (Vizcaya) 2007 T\u00edtulo de Arquitecto en la Escuela T\u00e9cnica Superior de Arquitectura de Donostia 2010 M\u00e1ster en Construcci\u00f3n Sostenible y Eficiencia Energ\u00e9tica en la Universidad del Pa\u00eds Vasco 2002-2009 Inicia su actividad profesional por cuenta ajena en el \u00e1mbito de la Promoci\u00f3n Inmobiliaria vinculado a peque\u00f1as empresas Promotoras (Panoramak [&hellip;]","og_url":"https:\/\/aurrekoetxea.biz\/eu\/estudio\/","og_site_name":"Arratia","article_modified_time":"2023-12-14T16:01:58+00:00","twitter_card":"summary_large_image","twitter_misc":{"Est. reading time":"1 minutua"},"schema":{"@context":"https:\/\/schema.org","@graph":[{"@type":"WebPage","@id":"https:\/\/aurrekoetxea.biz\/estudio\/","url":"https:\/\/aurrekoetxea.biz\/estudio\/","name":"Estudio - Arratia","isPartOf":{"@id":"https:\/\/aurrekoetxea.biz\/#website"},"datePublished":"2023-12-13T15:36:30+00:00","dateModified":"2023-12-14T16:01:58+00:00","breadcrumb":{"@id":"https:\/\/aurrekoetxea.biz\/estudio\/#breadcrumb"},"inLanguage":"eu","potentialAction":[{"@type":"ReadAction","target":["https:\/\/aurrekoetxea.biz\/estudio\/"]}]},{"@type":"BreadcrumbList","@id":"https:\/\/aurrekoetxea.biz\/estudio\/#breadcrumb","itemListElement":[{"@type":"ListItem","position":1,"name":"Portada","item":"https:\/\/aurrekoetxea.biz\/"},{"@type":"ListItem","position":2,"name":"Estudio"}]},{"@type":"WebSite","@id":"https:\/\/aurrekoetxea.biz\/#website","url":"https:\/\/aurrekoetxea.biz\/","name":"Arratia","description":"","publisher":{"@id":"https:\/\/aurrekoetxea.biz\/#organization"},"potentialAction":[{"@type":"SearchAction","target":{"@type":"EntryPoint","urlTemplate":"https:\/\/aurrekoetxea.biz\/?s={search_term_string}"},"query-input":{"@type":"PropertyValueSpecification","valueRequired":true,"valueName":"search_term_string"}}],"inLanguage":"eu"},{"@type":"Organization","@id":"https:\/\/aurrekoetxea.biz\/#organization","name":"Arratia","url":"https:\/\/aurrekoetxea.biz\/","logo":{"@type":"ImageObject","inLanguage":"eu","@id":"https:\/\/aurrekoetxea.biz\/#\/schema\/logo\/image\/","url":"https:\/\/aurrekoetxea.biz\/wp-content\/uploads\/2023\/12\/cropped-sello-arkitektura.png","contentUrl":"https:\/\/aurrekoetxea.biz\/wp-content\/uploads\/2023\/12\/cropped-sello-arkitektura.png","width":318,"height":326,"caption":"Arratia"},"image":{"@id":"https:\/\/aurrekoetxea.biz\/#\/schema\/logo\/image\/"}}]}},"_links":{"self":[{"href":"https:\/\/aurrekoetxea.biz\/eu\/wp-json\/wp\/v2\/pages\/25","targetHints":{"allow":["GET"]}}],"collection":[{"href":"https:\/\/aurrekoetxea.biz\/eu\/wp-json\/wp\/v2\/pages"}],"about":[{"href":"https:\/\/aurrekoetxea.biz\/eu\/wp-json\/wp\/v2\/types\/page"}],"author":[{"embeddable":true,"href":"https:\/\/aurrekoetxea.biz\/eu\/wp-json\/wp\/v2\/users\/1"}],"replies":[{"embeddable":true,"href":"https:\/\/aurrekoetxea.biz\/eu\/wp-json\/wp\/v2\/comments?post=25"}],"version-history":[{"count":4,"href":"https:\/\/aurrekoetxea.biz\/eu\/wp-json\/wp\/v2\/pages\/25\/revisions"}],"predecessor-version":[{"id":187,"href":"https:\/\/aurrekoetxea.biz\/eu\/wp-json\/wp\/v2\/pages\/25\/revisions\/187"}],"wp:attachment":[{"href":"https:\/\/aurrekoetxea.biz\/eu\/wp-json\/wp\/v2\/media?parent=25"}],"curies":[{"name":"wp","href":"https:\/\/api.w.org\/{rel}","templated":true}]}}